{"id":2181,"date":"2024-02-25T22:00:13","date_gmt":"2024-02-25T21:00:13","guid":{"rendered":"https:\/\/agnf.de\/specialist-teacher-for-the-vocational-training-of-emergency-paramedics\/"},"modified":"2025-11-16T19:13:16","modified_gmt":"2025-11-16T18:13:16","slug":"specialist-teacher-for-the-vocational-training-of-emergency-paramedics","status":"publish","type":"page","link":"https:\/\/agnf.de\/en\/career\/specialist-teacher-for-the-vocational-training-of-emergency-paramedics\/","title":{"rendered":"Specialist teacher for the vocational training of emergency paramedics"},"content":{"rendered":"<p>[et_pb_section fb_built=&#8221;1&#8243; admin_label=&#8221;Hero&#8221; _builder_version=&#8221;4.24.0&#8243; _module_preset=&#8221;default&#8221; background_color=&#8221;#e9f0ee&#8221; global_colors_info=&#8221;{}&#8221;][et_pb_row _builder_version=&#8221;4.24.0&#8243; _module_preset=&#8221;default&#8221; custom_padding=&#8221;0px||80px||false|false&#8221; global_colors_info=&#8221;{}&#8221;][et_pb_column type=&#8221;4_4&#8243; _builder_version=&#8221;4.24.0&#8243; _module_preset=&#8221;default&#8221; global_colors_info=&#8221;{}&#8221;][et_pb_code _builder_version=&#8221;4.24.0&#8243; _module_preset=&#8221;default&#8221; locked=&#8221;off&#8221; global_colors_info=&#8221;{}&#8221;]<\/p>\n<div class=\"agnf-history-back\"><!-- [et_pb_line_break_holder] -->  <a href=\"https:\/\/agnf.de\/en\/career\/\">Back<\/a><!-- [et_pb_line_break_holder] --><\/div>\n<p>[\/et_pb_code][et_pb_text admin_label=&#8221;Fachlehrer\/in f\u00fcr die Berufsausbildung von Notfallsanit\u00e4terinnen und Notallsanit\u00e4tern&#8221; module_class=&#8221;agnf_hero_text cta-stroke&#8221; _builder_version=&#8221;4.27.4&#8243; _module_preset=&#8221;default&#8221; z_index=&#8221;10&#8243; global_colors_info=&#8221;{}&#8221;]<\/p>\n<h1>Specialist teacher for the vocational training of emergency paramedics<\/h1>\n<p>[\/et_pb_text][et_pb_text admin_label=&#8221;Fachlehrer\/in f\u00fcr die Berufsausbildung von Notfallsanit\u00e4terinnen und Notallsanit\u00e4tern&#8221; module_class=&#8221;agnf_hero_text cta-stroke&#8221; _builder_version=&#8221;4.27.4&#8243; _module_preset=&#8221;default&#8221; z_index=&#8221;10&#8243; max_width=&#8221;580px&#8221; global_colors_info=&#8221;{}&#8221;]<\/p>\n<p>For our vocational school for emergency paramedics in Stein, we are looking for a part-time or full-time specialist teacher (m\/f\/d) for the vocational training of emergency paramedics.<\/p>\n<p>[\/et_pb_text][et_pb_text admin_label=&#8221;Buttons&#8221; _builder_version=&#8221;4.27.4&#8243; _module_preset=&#8221;default&#8221; hover_enabled=&#8221;0&#8243; global_colors_info=&#8221;{}&#8221; sticky_enabled=&#8221;0&#8243;]<a class=\"agnf_primary\" href=\"mailto:personalmanagement@agnf.de?subject=Fachlehrerin%20fuer%20die%20Berufsausbildung%20von%20Notfallsanitaeterinnen%20und%20Notallsanitaetern\">Apply now<\/a><a href=\"\/wp-content\/uploads\/2025\/11\/AGNF-Stellenanzeige-Fachlehrer-Notfallsanitaeter-1125.pdf\" class=\"agnf_secondary download nextto\" target=\"_blank\" rel=\"noopener\">Download job profile<\/a>[\/et_pb_text][\/et_pb_column][\/et_pb_row][\/et_pb_section][et_pb_section fb_built=&#8221;1&#8243; module_class=&#8221;agnf_karriere_list&#8221; _builder_version=&#8221;4.24.0&#8243; _module_preset=&#8221;default&#8221; global_colors_info=&#8221;{}&#8221;][et_pb_row column_structure=&#8221;1_2,1_2&#8243; custom_padding_last_edited=&#8221;on|phone&#8221; _builder_version=&#8221;4.24.0&#8243; _module_preset=&#8221;default&#8221; custom_padding=&#8221;73px||73px||false|false&#8221; custom_padding_tablet=&#8221;40px||40px||false|false&#8221; custom_padding_phone=&#8221;24px||24px||false|false&#8221; global_colors_info=&#8221;{}&#8221;][et_pb_column type=&#8221;1_2&#8243; _builder_version=&#8221;4.24.0&#8243; _module_preset=&#8221;default&#8221; global_colors_info=&#8221;{}&#8221;][et_pb_text admin_label=&#8221;Das erwarten wir&#8221; _builder_version=&#8221;4.27.4&#8243; _module_preset=&#8221;default&#8221; locked=&#8221;off&#8221; global_colors_info=&#8221;{}&#8221;]<\/p>\n<h2>What we expect<\/h2>\n<ul>\n<li>(Started) pedagogical university studies<\/li>\n<li>Completed vocational training as an emergency paramedic<\/li>\n<li>Very good knowledge of PC\/EDP applications, especially Microsoft Office 365<\/li>\n<li>Willingness to work in the rescue service<\/li>\n<li>Class B driver&#8217;s license<\/li>\n<li>Ability to act independently<\/li>\n<li>Team spirit, communication skills, flexibility and creativity<\/li>\n<\/ul>\n<p>[\/et_pb_text][\/et_pb_column][et_pb_column type=&#8221;1_2&#8243; _builder_version=&#8221;4.24.0&#8243; _module_preset=&#8221;default&#8221; global_colors_info=&#8221;{}&#8221;][et_pb_text admin_label=&#8221;Ihre Aufgaben&#8221; _builder_version=&#8221;4.27.4&#8243; _module_preset=&#8221;default&#8221; locked=&#8221;off&#8221; global_colors_info=&#8221;{}&#8221;]<\/p>\n<h2>Your tasks<\/h2>\n<ul>\n<li>Planning and implementation of specialist theoretical and practical teaching as part of training and further education to become an emergency paramedic<\/li>\n<li>Planning and implementation of practical support in the training rescue stations and clinics<\/li>\n<li>Assuming joint responsibility for school operations in accordance with the respective statutory provisions of the school supervisory authorities<\/li>\n<li>Support in the conceptual design, development and implementation of training and further education; incl. E-learning, simulation training, etc.<\/li>\n<\/ul>\n<p>[\/et_pb_text][\/et_pb_column][\/et_pb_row][\/et_pb_section][et_pb_section fb_built=&#8221;1&#8243; admin_label=&#8221;Unsere Benefits f\u00fcr Sie&#8221; _builder_version=&#8221;4.24.0&#8243; _module_preset=&#8221;default&#8221; custom_padding=&#8221;||||false|false&#8221; global_colors_info=&#8221;{}&#8221;][et_pb_row _builder_version=&#8221;4.24.0&#8243; _module_preset=&#8221;default&#8221; width=&#8221;100%&#8221; max_width=&#8221;2560px&#8221; custom_margin=&#8221;||60px||false|false&#8221; global_colors_info=&#8221;{}&#8221;][et_pb_column type=&#8221;4_4&#8243; _builder_version=&#8221;4.24.0&#8243; _module_preset=&#8221;default&#8221; global_colors_info=&#8221;{}&#8221;][et_pb_text _builder_version=&#8221;4.24.0&#8243; _module_preset=&#8221;default&#8221; global_colors_info=&#8221;{}&#8221;]<\/p>\n<h2 style=\"text-align: center;\">Our benefits for you<\/h2>\n<p>[\/et_pb_text][\/et_pb_column][\/et_pb_row][et_pb_row column_structure=&#8221;1_3,1_3,1_3&#8243; _builder_version=&#8221;4.24.0&#8243; _module_preset=&#8221;default&#8221; global_colors_info=&#8221;{}&#8221;][et_pb_column type=&#8221;1_3&#8243; _builder_version=&#8221;4.24.0&#8243; _module_preset=&#8221;default&#8221; global_colors_info=&#8221;{}&#8221;][et_pb_image src=&#8221;https:\/\/agnf.de\/wp-content\/uploads\/2024\/02\/Illu_Aufgaben.svg&#8221; title_text=&#8221;Illu_Tasks&#8221; align=&#8221;center&#8221; _builder_version=&#8221;4.24.0&#8243; _module_preset=&#8221;default&#8221; global_colors_info=&#8221;{}&#8221;][\/et_pb_image][et_pb_text _builder_version=&#8221;4.27.4&#8243; _module_preset=&#8221;default&#8221; global_colors_info=&#8221;{}&#8221;]<\/p>\n<p style=\"text-align: center;\">MacBook also for<br \/>private use<\/p>\n<p>[\/et_pb_text][\/et_pb_column][et_pb_column type=&#8221;1_3&#8243; _builder_version=&#8221;4.24.0&#8243; _module_preset=&#8221;default&#8221; global_colors_info=&#8221;{}&#8221;][et_pb_image src=&#8221;https:\/\/agnf.de\/wp-content\/uploads\/2024\/07\/Uhr.svg&#8221; title_text=&#8221;Clock&#8221; align=&#8221;center&#8221; _builder_version=&#8221;4.25.2&#8243; _module_preset=&#8221;default&#8221; global_colors_info=&#8221;{}&#8221;][\/et_pb_image][et_pb_text _builder_version=&#8221;4.25.2&#8243; _module_preset=&#8221;default&#8221; global_colors_info=&#8221;{}&#8221;]<\/p>\n<p style=\"text-align: center;\">Very flexible working hours<br \/>with the option of mobile working<\/p>\n<p>[\/et_pb_text][\/et_pb_column][et_pb_column type=&#8221;1_3&#8243; _builder_version=&#8221;4.24.0&#8243; _module_preset=&#8221;default&#8221; global_colors_info=&#8221;{}&#8221;][et_pb_image src=&#8221;https:\/\/agnf.de\/wp-content\/uploads\/2024\/02\/Illu_Material.svg&#8221; title_text=&#8221;Illu_Material&#8221; align=&#8221;center&#8221; _builder_version=&#8221;4.24.0&#8243; _module_preset=&#8221;default&#8221; global_colors_info=&#8221;{}&#8221;][\/et_pb_image][et_pb_text _builder_version=&#8221;4.25.2&#8243; _module_preset=&#8221;default&#8221; global_colors_info=&#8221;{}&#8221;]<\/p>\n<p style=\"text-align: center;\">State-of-the-art simulation center<br \/>and high-quality training material<\/p>\n<p>[\/et_pb_text][\/et_pb_column][\/et_pb_row][et_pb_row column_structure=&#8221;1_3,1_3,1_3&#8243; _builder_version=&#8221;4.24.0&#8243; _module_preset=&#8221;default&#8221; custom_margin=&#8221;60px||||false|false&#8221; custom_padding=&#8221;||100px||false|false&#8221; global_colors_info=&#8221;{}&#8221;][et_pb_column type=&#8221;1_3&#8243; _builder_version=&#8221;4.24.0&#8243; _module_preset=&#8221;default&#8221; global_colors_info=&#8221;{}&#8221;][et_pb_image src=&#8221;https:\/\/agnf.de\/wp-content\/uploads\/2024\/02\/Illu_Fortbildung.svg&#8221; title_text=&#8221;Illu_Training&#8221; align=&#8221;center&#8221; _builder_version=&#8221;4.25.2&#8243; _module_preset=&#8221;default&#8221; global_colors_info=&#8221;{}&#8221;][\/et_pb_image][et_pb_text _builder_version=&#8221;4.25.2&#8243; _module_preset=&#8221;default&#8221; global_colors_info=&#8221;{}&#8221;]<\/p>\n<p style=\"text-align: center;\">Extensive in-house<br \/>Opportunities for further training<\/p>\n<p>[\/et_pb_text][\/et_pb_column][et_pb_column type=&#8221;1_3&#8243; _builder_version=&#8221;4.24.0&#8243; _module_preset=&#8221;default&#8221; global_colors_info=&#8221;{}&#8221;][et_pb_image src=&#8221;https:\/\/agnf.de\/wp-content\/uploads\/2025\/01\/benefits-agnf.svg&#8221; title_text=&#8221;benefits-agnf&#8221; align=&#8221;center&#8221; _builder_version=&#8221;4.27.4&#8243; _module_preset=&#8221;default&#8221; global_colors_info=&#8221;{}&#8221;][\/et_pb_image][et_pb_text _builder_version=&#8221;4.27.4&#8243; _module_preset=&#8221;default&#8221; global_colors_info=&#8221;{}&#8221;]<\/p>\n<p style=\"text-align: center;\">Mobility &#8211; Jobbike<br \/>and Germany ticket<\/p>\n<p>[\/et_pb_text][\/et_pb_column][et_pb_column type=&#8221;1_3&#8243; _builder_version=&#8221;4.24.0&#8243; _module_preset=&#8221;default&#8221; global_colors_info=&#8221;{}&#8221;][et_pb_image src=&#8221;https:\/\/agnf.de\/wp-content\/uploads\/2024\/02\/Illu_Konzeption.svg&#8221; title_text=&#8221;Illu_Conception&#8221; align=&#8221;center&#8221; _builder_version=&#8221;4.25.2&#8243; _module_preset=&#8221;default&#8221; global_colors_info=&#8221;{}&#8221;][\/et_pb_image][et_pb_text _builder_version=&#8221;4.25.2&#8243; _module_preset=&#8221;default&#8221; global_colors_info=&#8221;{}&#8221;]<\/p>\n<p style=\"text-align: center;\">Freedom of design in the structure and<br \/>development of new teaching concepts<\/p>\n<p>[\/et_pb_text][\/et_pb_column][\/et_pb_row][\/et_pb_section][et_pb_section fb_built=&#8221;1&#8243; _builder_version=&#8221;4.24.0&#8243; _module_preset=&#8221;default&#8221; background_color=&#8221;#e9f0ee&#8221; locked=&#8221;off&#8221; global_colors_info=&#8221;{}&#8221;][et_pb_row column_structure=&#8221;2_5,3_5&#8243; make_equal=&#8221;on&#8221; module_class=&#8221;agnf-contact-person-half&#8221; _builder_version=&#8221;4.24.0&#8243; _module_preset=&#8221;default&#8221; width=&#8221;100%&#8221; max_width=&#8221;2560px&#8221; global_colors_info=&#8221;{}&#8221;][et_pb_column type=&#8221;2_5&#8243; _builder_version=&#8221;4.24.0&#8243; _module_preset=&#8221;default&#8221; background_image=&#8221;https:\/\/agnf.de\/wp-content\/uploads\/2024\/02\/habicht_landscape.jpg&#8221; global_colors_info=&#8221;{}&#8221;][\/et_pb_column][et_pb_column type=&#8221;3_5&#8243; _builder_version=&#8221;4.24.0&#8243; _module_preset=&#8221;default&#8221; global_colors_info=&#8221;{}&#8221;][et_pb_text _builder_version=&#8221;4.25.2&#8243; _module_preset=&#8221;default&#8221; header_3_font_size=&#8221;36px&#8221; global_colors_info=&#8221;{}&#8221;]<\/p>\n<h3>Here for you<\/h3>\n<p>Sebastian Habicht<br \/>\nHead of the vocational schools<\/p>\n<p><a class=\"agnf_primary\" href=\"mailto:personalmanagement@agnf.de\">Contact us now<\/a><\/p>\n<div class=\"agnf_red_top_left\"><\/div>\n<p>[\/et_pb_text][\/et_pb_column][\/et_pb_row][\/et_pb_section]<\/p>\n","protected":false},"excerpt":{"rendered":"<p>Specialist teacher for the vocational training of emergency paramedicsFor our vocational school for emergency paramedics in Stein, we are looking for a part-time or full-time specialist teacher (m\/f\/d) for the vocational training of emergency paramedics.Apply nowDownload job profileWhat we expect (Started) pedagogical university studies Completed vocational training as an emergency paramedic Very good knowledge of [&hellip;]<\/p>\n","protected":false},"author":1,"featured_media":0,"parent":2201,"menu_order":0,"comment_status":"closed","ping_status":"closed","template":"","meta":{"_acf_changed":false,"_et_pb_use_builder":"on","_et_pb_old_content":"","_et_gb_content_width":"","footnotes":""},"class_list":["post-2181","page","type-page","status-publish","hentry"],"acf":[],"_links":{"self":[{"href":"https:\/\/agnf.de\/en\/wp-json\/wp\/v2\/pages\/2181","targetHints":{"allow":["GET"]}}],"collection":[{"href":"https:\/\/agnf.de\/en\/wp-json\/wp\/v2\/pages"}],"about":[{"href":"https:\/\/agnf.de\/en\/wp-json\/wp\/v2\/types\/page"}],"author":[{"embeddable":true,"href":"https:\/\/agnf.de\/en\/wp-json\/wp\/v2\/users\/1"}],"replies":[{"embeddable":true,"href":"https:\/\/agnf.de\/en\/wp-json\/wp\/v2\/comments?post=2181"}],"version-history":[{"count":10,"href":"https:\/\/agnf.de\/en\/wp-json\/wp\/v2\/pages\/2181\/revisions"}],"predecessor-version":[{"id":4466,"href":"https:\/\/agnf.de\/en\/wp-json\/wp\/v2\/pages\/2181\/revisions\/4466"}],"up":[{"embeddable":true,"href":"https:\/\/agnf.de\/en\/wp-json\/wp\/v2\/pages\/2201"}],"wp:attachment":[{"href":"https:\/\/agnf.de\/en\/wp-json\/wp\/v2\/media?parent=2181"}],"curies":[{"name":"wp","href":"https:\/\/api.w.org\/{rel}","templated":true}]}}