{"id":2200,"date":"2024-02-25T22:36:30","date_gmt":"2024-02-25T21:36:30","guid":{"rendered":"https:\/\/agnf.de\/employee-for-further-education-and-training\/"},"modified":"2025-12-08T16:17:16","modified_gmt":"2025-12-08T15:17:16","slug":"employee-for-further-education-and-training","status":"publish","type":"page","link":"https:\/\/agnf.de\/en\/career\/employee-for-further-education-and-training\/","title":{"rendered":"Employee for further education and training"},"content":{"rendered":"<p>[et_pb_section fb_built=&#8221;1&#8243; admin_label=&#8221;Hero&#8221; _builder_version=&#8221;4.24.0&#8243; _module_preset=&#8221;default&#8221; background_color=&#8221;#e9f0ee&#8221; global_colors_info=&#8221;{}&#8221;][et_pb_row _builder_version=&#8221;4.24.0&#8243; _module_preset=&#8221;default&#8221; custom_padding=&#8221;0px||80px||false|false&#8221; global_colors_info=&#8221;{}&#8221;][et_pb_column type=&#8221;4_4&#8243; _builder_version=&#8221;4.24.0&#8243; _module_preset=&#8221;default&#8221; global_colors_info=&#8221;{}&#8221;][et_pb_code _builder_version=&#8221;4.24.0&#8243; _module_preset=&#8221;default&#8221; locked=&#8221;off&#8221; global_colors_info=&#8221;{}&#8221;]<\/p>\n<div class=\"agnf-history-back\"><!-- [et_pb_line_break_holder] -->  <a href=\"https:\/\/agnf.de\/en\/career\/\">Back<\/a><!-- [et_pb_line_break_holder] --><\/div>\n<p>[\/et_pb_code][et_pb_text admin_label=&#8221;Fachlehrer\/in f\u00fcr die Berufsausbildung von Notfallsanit\u00e4terinnen und Notallsanit\u00e4tern&#8221; module_class=&#8221;agnf_hero_text cta-stroke&#8221; _builder_version=&#8221;4.24.0&#8243; _module_preset=&#8221;default&#8221; z_index=&#8221;10&#8243; global_colors_info=&#8221;{}&#8221;]<\/p>\n<h1>Employee for further education and training  <\/h1>\n<p>[\/et_pb_text][et_pb_text admin_label=&#8221;Fachlehrer\/in f\u00fcr die Berufsausbildung von Notfallsanit\u00e4terinnen und Notallsanit\u00e4tern&#8221; module_class=&#8221;agnf_hero_text cta-stroke&#8221; _builder_version=&#8221;4.27.2&#8243; _module_preset=&#8221;default&#8221; z_index=&#8221;10&#8243; max_width=&#8221;580px&#8221; global_colors_info=&#8221;{}&#8221;]<\/p>\n<p>For our training and simulation center in F\u00fcrth we are looking for an employee (m\/f\/d) for the area of further education and training.<\/p>\n<p>[\/et_pb_text][et_pb_text admin_label=&#8221;Buttons&#8221; _builder_version=&#8221;4.27.5&#8243; _module_preset=&#8221;default&#8221; hover_enabled=&#8221;0&#8243; global_colors_info=&#8221;{}&#8221; sticky_enabled=&#8221;0&#8243;]<a class=\"agnf_primary\" href=\"mailto:personalmanagement@agnf.de?subject=Mitarbeiterin%20fuer%20den%20Bereich%20%20Fort-%20und%20Weiterbildung\">Apply now<\/a><a href=\"https:\/\/agnf.de\/wp-content\/uploads\/2025\/12\/stellenausschreibung-fortbildung-weiterbildung-agnf.pdf\" class=\"agnf_secondary download nextto\" target=\"_blank\" rel=\"noopener\">Download job profile<\/a>[\/et_pb_text][\/et_pb_column][\/et_pb_row][\/et_pb_section][et_pb_section fb_built=&#8221;1&#8243; module_class=&#8221;agnf_karriere_list&#8221; _builder_version=&#8221;4.24.0&#8243; _module_preset=&#8221;default&#8221; global_colors_info=&#8221;{}&#8221;][et_pb_row column_structure=&#8221;1_2,1_2&#8243; custom_padding_last_edited=&#8221;on|phone&#8221; _builder_version=&#8221;4.24.0&#8243; _module_preset=&#8221;default&#8221; custom_padding=&#8221;73px||73px||false|false&#8221; custom_padding_tablet=&#8221;40px||40px||false|false&#8221; custom_padding_phone=&#8221;24px||24px||false|false&#8221; global_colors_info=&#8221;{}&#8221;][et_pb_column type=&#8221;1_2&#8243; _builder_version=&#8221;4.24.0&#8243; _module_preset=&#8221;default&#8221; global_colors_info=&#8221;{}&#8221;][et_pb_text admin_label=&#8221;Das erwarten wir&#8221; _builder_version=&#8221;4.24.0&#8243; _module_preset=&#8221;default&#8221; locked=&#8221;off&#8221; global_colors_info=&#8221;{}&#8221;]<\/p>\n<h2>What we expect<\/h2>\n<ul>\n<li>Completed vocational training as an emergency paramedic or healthcare and nursing professional with advanced training in anesthesia and intensive care or emergency care<\/li>\n<li>Successfully completed pedagogical training (e.g. practical instructor, lecturer in adult education)<\/li>\n<li>A high affinity for emergency medicine<\/li>\n<li>Very good knowledge of PC\/EDP applications, especially Microsoft Office<\/li>\n<li>Class B driver&#8217;s license<\/li>\n<li>Ability to act independently<\/li>\n<li>Organizational and planning skills<\/li>\n<li>Team spirit, communication skills, flexibility and creativity<\/li>\n<\/ul>\n<p>[\/et_pb_text][\/et_pb_column][et_pb_column type=&#8221;1_2&#8243; _builder_version=&#8221;4.24.0&#8243; _module_preset=&#8221;default&#8221; global_colors_info=&#8221;{}&#8221;][et_pb_text admin_label=&#8221;Ihre Aufgaben&#8221; _builder_version=&#8221;4.24.0&#8243; _module_preset=&#8221;default&#8221; locked=&#8221;off&#8221; global_colors_info=&#8221;{}&#8221;]<\/p>\n<h2>Your tasks<\/h2>\n<ul>\n<li>Planning and implementation of further education and training events, incl. Simulation training<\/li>\n<li>Preparation and follow-up of further education and training events<\/li>\n<li>Support in the conceptual design and development of the area of further education and training; incl. digital education, simulation training, etc.<\/li>\n<li>Support in practical training at our vocational schools for emergency paramedics<\/li>\n<\/ul>\n<p>[\/et_pb_text][\/et_pb_column][\/et_pb_row][\/et_pb_section][et_pb_section fb_built=&#8221;1&#8243; admin_label=&#8221;Unsere Benefits f\u00fcr Sie&#8221; _builder_version=&#8221;4.24.0&#8243; _module_preset=&#8221;default&#8221; custom_padding=&#8221;||||false|false&#8221; global_colors_info=&#8221;{}&#8221;][et_pb_row _builder_version=&#8221;4.24.0&#8243; _module_preset=&#8221;default&#8221; width=&#8221;100%&#8221; max_width=&#8221;2560px&#8221; custom_margin=&#8221;||60px||false|false&#8221; global_colors_info=&#8221;{}&#8221;][et_pb_column type=&#8221;4_4&#8243; _builder_version=&#8221;4.24.0&#8243; _module_preset=&#8221;default&#8221; global_colors_info=&#8221;{}&#8221;][et_pb_text _builder_version=&#8221;4.24.0&#8243; _module_preset=&#8221;default&#8221; global_colors_info=&#8221;{}&#8221;]<\/p>\n<h2 style=\"text-align: center;\">Our benefits for you<\/h2>\n<p>[\/et_pb_text][\/et_pb_column][\/et_pb_row][et_pb_row column_structure=&#8221;1_3,1_3,1_3&#8243; _builder_version=&#8221;4.24.0&#8243; _module_preset=&#8221;default&#8221; global_colors_info=&#8221;{}&#8221;][et_pb_column type=&#8221;1_3&#8243; _builder_version=&#8221;4.24.0&#8243; _module_preset=&#8221;default&#8221; global_colors_info=&#8221;{}&#8221;][et_pb_image src=&#8221;https:\/\/agnf.de\/wp-content\/uploads\/2024\/02\/Illu_Aufgaben.svg&#8221; title_text=&#8221;Illu_Tasks&#8221; align=&#8221;center&#8221; _builder_version=&#8221;4.24.0&#8243; _module_preset=&#8221;default&#8221; global_colors_info=&#8221;{}&#8221;][\/et_pb_image][et_pb_text _builder_version=&#8221;4.24.0&#8243; _module_preset=&#8221;default&#8221; global_colors_info=&#8221;{}&#8221;]<\/p>\n<p style=\"text-align: center;\"><strong>Benefit 1<\/strong><br \/>Interesting and challenging task<\/p>\n<p>[\/et_pb_text][\/et_pb_column][et_pb_column type=&#8221;1_3&#8243; _builder_version=&#8221;4.24.0&#8243; _module_preset=&#8221;default&#8221; global_colors_info=&#8221;{}&#8221;][et_pb_image src=&#8221;https:\/\/agnf.de\/wp-content\/uploads\/2024\/02\/Illu_Teamwork.svg&#8221; title_text=&#8221;Illu_Teamwork&#8221; align=&#8221;center&#8221; _builder_version=&#8221;4.24.0&#8243; _module_preset=&#8221;default&#8221; global_colors_info=&#8221;{}&#8221;][\/et_pb_image][et_pb_text _builder_version=&#8221;4.24.0&#8243; _module_preset=&#8221;default&#8221; global_colors_info=&#8221;{}&#8221;]<\/p>\n<p style=\"text-align: center;\"><strong>Benefit 2<\/strong><br \/>Independent workspace in <br \/>a multi-professional team<\/p>\n<p>[\/et_pb_text][\/et_pb_column][et_pb_column type=&#8221;1_3&#8243; _builder_version=&#8221;4.24.0&#8243; _module_preset=&#8221;default&#8221; global_colors_info=&#8221;{}&#8221;][et_pb_image src=&#8221;https:\/\/agnf.de\/wp-content\/uploads\/2024\/02\/Illu_Material.svg&#8221; title_text=&#8221;Illu_Material&#8221; align=&#8221;center&#8221; _builder_version=&#8221;4.24.0&#8243; _module_preset=&#8221;default&#8221; global_colors_info=&#8221;{}&#8221;][\/et_pb_image][et_pb_text _builder_version=&#8221;4.24.0&#8243; _module_preset=&#8221;default&#8221; global_colors_info=&#8221;{}&#8221;]<\/p>\n<p style=\"text-align: center;\"><strong>Benefit 3<\/strong><br \/>State-of-the-art simulation center<br \/>and training material<\/p>\n<p>[\/et_pb_text][\/et_pb_column][\/et_pb_row][et_pb_row column_structure=&#8221;1_3,1_3,1_3&#8243; _builder_version=&#8221;4.24.0&#8243; _module_preset=&#8221;default&#8221; custom_margin=&#8221;60px||||false|false&#8221; custom_padding=&#8221;||100px||false|false&#8221; global_colors_info=&#8221;{}&#8221;][et_pb_column type=&#8221;1_3&#8243; _builder_version=&#8221;4.24.0&#8243; _module_preset=&#8221;default&#8221; global_colors_info=&#8221;{}&#8221;][et_pb_image src=&#8221;https:\/\/agnf.de\/wp-content\/uploads\/2024\/02\/Illu_Konzeption.svg&#8221; title_text=&#8221;Illu_Conception&#8221; align=&#8221;center&#8221; _builder_version=&#8221;4.24.0&#8243; _module_preset=&#8221;default&#8221; global_colors_info=&#8221;{}&#8221;][\/et_pb_image][et_pb_text _builder_version=&#8221;4.24.0&#8243; _module_preset=&#8221;default&#8221; global_colors_info=&#8221;{}&#8221;]<\/p>\n<p style=\"text-align: center;\"><strong>Benefit 4<\/strong><br \/>Freedom of design when setting up <br \/>and developing new concepts<\/p>\n<p>[\/et_pb_text][\/et_pb_column][et_pb_column type=&#8221;1_3&#8243; _builder_version=&#8221;4.24.0&#8243; _module_preset=&#8221;default&#8221; global_colors_info=&#8221;{}&#8221;][et_pb_image src=&#8221;https:\/\/agnf.de\/wp-content\/uploads\/2024\/02\/Illu_Fortbildung.svg&#8221; title_text=&#8221;Illu_Training&#8221; align=&#8221;center&#8221; _builder_version=&#8221;4.24.0&#8243; _module_preset=&#8221;default&#8221; global_colors_info=&#8221;{}&#8221;][\/et_pb_image][et_pb_text _builder_version=&#8221;4.24.0&#8243; _module_preset=&#8221;default&#8221; global_colors_info=&#8221;{}&#8221;]<\/p>\n<p style=\"text-align: center;\"><strong>Benefit 5<\/strong><br \/>Extensive in-house <br \/>Opportunities for further training<\/p>\n<p>[\/et_pb_text][\/et_pb_column][et_pb_column type=&#8221;1_3&#8243; _builder_version=&#8221;4.24.0&#8243; _module_preset=&#8221;default&#8221; global_colors_info=&#8221;{}&#8221;][et_pb_image src=&#8221;https:\/\/agnf.de\/wp-content\/uploads\/2024\/02\/Illu_Wertschaetzung.svg&#8221; title_text=&#8221;Illu_Esteem&#8221; align=&#8221;center&#8221; _builder_version=&#8221;4.24.0&#8243; _module_preset=&#8221;default&#8221; global_colors_info=&#8221;{}&#8221;][\/et_pb_image][et_pb_text _builder_version=&#8221;4.24.0&#8243; _module_preset=&#8221;default&#8221; global_colors_info=&#8221;{}&#8221;]<\/p>\n<p style=\"text-align: center;\"><strong>Benefit 6<\/strong><br \/>Friendly team and <br \/>performance-related remuneration<\/p>\n<p>[\/et_pb_text][\/et_pb_column][\/et_pb_row][\/et_pb_section][et_pb_section fb_built=&#8221;1&#8243; _builder_version=&#8221;4.24.0&#8243; _module_preset=&#8221;default&#8221; background_color=&#8221;#e9f0ee&#8221; locked=&#8221;off&#8221; global_colors_info=&#8221;{}&#8221;][et_pb_row column_structure=&#8221;2_5,3_5&#8243; make_equal=&#8221;on&#8221; module_class=&#8221;agnf-contact-person-half&#8221; _builder_version=&#8221;4.24.0&#8243; _module_preset=&#8221;default&#8221; width=&#8221;100%&#8221; max_width=&#8221;2560px&#8221; global_colors_info=&#8221;{}&#8221;][et_pb_column type=&#8221;2_5&#8243; _builder_version=&#8221;4.24.0&#8243; _module_preset=&#8221;default&#8221; background_image=&#8221;https:\/\/agnf.de\/wp-content\/uploads\/2024\/02\/habicht_landscape.jpg&#8221; global_colors_info=&#8221;{}&#8221;][\/et_pb_column][et_pb_column type=&#8221;3_5&#8243; _builder_version=&#8221;4.24.0&#8243; _module_preset=&#8221;default&#8221; global_colors_info=&#8221;{}&#8221;][et_pb_text _builder_version=&#8221;4.27.5&#8243; _module_preset=&#8221;default&#8221; header_3_font_size=&#8221;36px&#8221; global_colors_info=&#8221;{}&#8221;]<\/p>\n<h3>Here for you<\/h3>\n<p>Sebastian Habicht<\/p>\n<p><a class=\"agnf_primary\" href=\"mailto:personalmanagement@agnf.de\">Contact us now<\/a><\/p>\n<div class=\"agnf_red_top_left\"><\/div>\n<p>[\/et_pb_text][\/et_pb_column][\/et_pb_row][\/et_pb_section]<\/p>\n","protected":false},"excerpt":{"rendered":"<p>Employee for further education and training For our training and simulation center in F\u00fcrth we are looking for an employee (m\/f\/d) for the area of further education and training.Apply nowDownload job profileWhat we expect Completed vocational training as an emergency paramedic or healthcare and nursing professional with advanced training in anesthesia and intensive care or [&hellip;]<\/p>\n","protected":false},"author":1,"featured_media":0,"parent":2201,"menu_order":0,"comment_status":"closed","ping_status":"closed","template":"","meta":{"_acf_changed":false,"_et_pb_use_builder":"on","_et_pb_old_content":"","_et_gb_content_width":"","footnotes":""},"class_list":["post-2200","page","type-page","status-publish","hentry"],"acf":[],"_links":{"self":[{"href":"https:\/\/agnf.de\/en\/wp-json\/wp\/v2\/pages\/2200","targetHints":{"allow":["GET"]}}],"collection":[{"href":"https:\/\/agnf.de\/en\/wp-json\/wp\/v2\/pages"}],"about":[{"href":"https:\/\/agnf.de\/en\/wp-json\/wp\/v2\/types\/page"}],"author":[{"embeddable":true,"href":"https:\/\/agnf.de\/en\/wp-json\/wp\/v2\/users\/1"}],"replies":[{"embeddable":true,"href":"https:\/\/agnf.de\/en\/wp-json\/wp\/v2\/comments?post=2200"}],"version-history":[{"count":10,"href":"https:\/\/agnf.de\/en\/wp-json\/wp\/v2\/pages\/2200\/revisions"}],"predecessor-version":[{"id":4497,"href":"https:\/\/agnf.de\/en\/wp-json\/wp\/v2\/pages\/2200\/revisions\/4497"}],"up":[{"embeddable":true,"href":"https:\/\/agnf.de\/en\/wp-json\/wp\/v2\/pages\/2201"}],"wp:attachment":[{"href":"https:\/\/agnf.de\/en\/wp-json\/wp\/v2\/media?parent=2200"}],"curies":[{"name":"wp","href":"https:\/\/api.w.org\/{rel}","templated":true}]}}