{"id":2229,"date":"2024-02-21T11:25:06","date_gmt":"2024-02-21T10:25:06","guid":{"rendered":"https:\/\/agnf.de\/agnf-worldwide\/"},"modified":"2026-02-02T13:10:41","modified_gmt":"2026-02-02T12:10:41","slug":"agnf-worldwide","status":"publish","type":"page","link":"https:\/\/agnf.de\/en\/agnf-worldwide\/","title":{"rendered":"AGNF worldwide"},"content":{"rendered":"<p>[et_pb_section fb_built=&#8221;1&#8243; admin_label=&#8221;Hero&#8221; module_class=&#8221;agnf_hero&#8221; _builder_version=&#8221;4.24.0&#8243; _module_preset=&#8221;default&#8221; background_color=&#8221;#e9f0ee&#8221; global_colors_info=&#8221;{}&#8221;][et_pb_row _builder_version=&#8221;4.24.0&#8243; _module_preset=&#8221;default&#8221; global_colors_info=&#8221;{}&#8221;][et_pb_column type=&#8221;4_4&#8243; _builder_version=&#8221;4.24.0&#8243; _module_preset=&#8221;default&#8221; global_colors_info=&#8221;{}&#8221;][et_pb_text admin_label=&#8221;Das sind wir  Die Arbeitsgemeinschaft Notfallmedizin F\u00fcrth e. V. ist ein gemeinn\u00fctziger, national wie international agierender Bildungsanbieter und Projektentwickler. Lokal fest verankert \u2013 aber weitreichend vernetzt, ist die AGNF einer der gr\u00f6\u00dften Anbieter f\u00fcr professionelle notfallmedizinische Aus-, Fort- und Weiterbildung in Deutschland.  Die Arbeitsgemeinschaft Notfallmedizin F\u00fcrth arbeitet ohne kommerziellen Hintergrund. Unsere erwirtschafteten \u00dcbersch\u00fcsse flie\u00dfen in die Weiterentwicklung unserer Bildungsprogramme, in unsere Ausstattung sowie in unsere regionalen wie internationalen Projekte.  Unsere Satzung finden Sie hier&#8221; module_class=&#8221;agnf_hero_text cta-stroke&#8221; _builder_version=&#8221;4.24.0&#8243; _module_preset=&#8221;default&#8221; z_index=&#8221;10&#8243; global_colors_info=&#8221;{}&#8221;]<\/p>\n<h1>AGNF worldwide &#8211; with help on the ground<\/h1>\n<p>As an established educational institution for rescue service personnel, our association has the expertise to advise regions with potential in the field of acute patient care and to support the development and optimization of local rescue services. <\/p>\n<p>We have therefore been involved in development cooperation since 2012. By imparting knowledge and skills, we try to improve medical care for people in low-income countries.<\/p>\n<p>[\/et_pb_text][et_pb_code admin_label=&#8221;agnf_border_red_top_right&#8221; module_class=&#8221;agnf_border_red_top_right_wrap&#8221; _builder_version=&#8221;4.24.0&#8243; _module_preset=&#8221;default&#8221; global_colors_info=&#8221;{}&#8221;]<\/p>\n<div class=\"agnf_border_red_top_right\"><!-- [et_pb_line_break_holder] -->  <!-- [et_pb_line_break_holder] --><\/div>\n<p>[\/et_pb_code][\/et_pb_column][\/et_pb_row][\/et_pb_section][et_pb_section fb_built=&#8221;1&#8243; module_class=&#8221;agnf-projects&#8221; _builder_version=&#8221;4.24.0&#8243; _module_preset=&#8221;default&#8221; global_colors_info=&#8221;{}&#8221;][et_pb_row _builder_version=&#8221;4.24.0&#8243; _module_preset=&#8221;default&#8221; global_colors_info=&#8221;{}&#8221;][et_pb_column type=&#8221;4_4&#8243; _builder_version=&#8221;4.24.0&#8243; _module_preset=&#8221;default&#8221; global_colors_info=&#8221;{}&#8221;][et_pb_text _builder_version=&#8221;4.24.0&#8243; _module_preset=&#8221;default&#8221; custom_margin=&#8221;60px||60px||false|false&#8221; global_colors_info=&#8221;{}&#8221;]<\/p>\n<h2 style=\"text-align: center;\">Our projects<\/h2>\n<p>[\/et_pb_text][\/et_pb_column][\/et_pb_row][et_pb_row column_structure=&#8221;1_2,1_2&#8243; _builder_version=&#8221;4.24.0&#8243; _module_preset=&#8221;default&#8221; global_colors_info=&#8221;{}&#8221;][et_pb_column type=&#8221;1_2&#8243; module_class=&#8221;agnf-project&#8221; _builder_version=&#8221;4.24.0&#8243; _module_preset=&#8221;default&#8221; background_enable_image=&#8221;off&#8221; global_colors_info=&#8221;{}&#8221;][et_pb_image src=&#8221;https:\/\/agnf.de\/wp-content\/uploads\/2026\/02\/agnf-weltweit-ausbau-notfallmedizin-ukraine.png&#8221; title_text=&#8221;agnf-worldwide-expansion-emergency-medicine-ukraine&#8221; _builder_version=&#8221;4.27.5&#8243; _module_preset=&#8221;default&#8221; hover_enabled=&#8221;0&#8243; global_colors_info=&#8221;{}&#8221; sticky_enabled=&#8221;0&#8243;][\/et_pb_image][et_pb_text admin_label=&#8221;Ausbau der Notfallmedizin in der Ukraine&#8221; _builder_version=&#8221;4.27.5&#8243; _module_preset=&#8221;default&#8221; link_option_url=&#8221;https:\/\/agnf.de\/en\/agnf-worldwide\/expansion-of-emergency-medicine-in-ukraine-3\/&#8221; hover_enabled=&#8221;0&#8243; global_colors_info=&#8221;{}&#8221; sticky_enabled=&#8221;0&#8243;]<\/p>\n<p><em>Further expansion of emergency medicine in Ukraine<\/em><\/p>\n<p>[\/et_pb_text][\/et_pb_column][et_pb_column type=&#8221;1_2&#8243; module_class=&#8221;agnf-project&#8221; _builder_version=&#8221;4.24.0&#8243; _module_preset=&#8221;default&#8221; background_enable_image=&#8221;off&#8221; global_colors_info=&#8221;{}&#8221;][et_pb_image src=&#8221;https:\/\/agnf.de\/wp-content\/uploads\/2024\/02\/verletztenversorgung_in_uganda.jpg&#8221; title_text=&#8221;care_for_injured_in_uganda&#8221; _builder_version=&#8221;4.24.0&#8243; _module_preset=&#8221;default&#8221; global_colors_info=&#8221;{}&#8221;][\/et_pb_image][et_pb_text admin_label=&#8221;Aufbau eines Trainingscenters in Uganda&#8221; _builder_version=&#8221;4.24.0&#8243; _module_preset=&#8221;default&#8221; link_option_url=&#8221;https:\/\/agnf.de\/en\/agnf-worldwide\/establishment-of-a-training-center-in-uganda\/&#8221; global_colors_info=&#8221;{}&#8221;]<\/p>\n<p><em>Establishment of a training center in Uganda<\/em><\/p>\n<p>[\/et_pb_text][\/et_pb_column][\/et_pb_row][et_pb_row column_structure=&#8221;1_2,1_2&#8243; module_class=&#8221;agnf-project&#8221; _builder_version=&#8221;4.24.0&#8243; _module_preset=&#8221;default&#8221; custom_margin=&#8221;60px||60px||false|false&#8221; custom_margin_tablet=&#8221;60px||60px||false|false&#8221; custom_margin_phone=&#8221;40px||40px||false|false&#8221; custom_margin_last_edited=&#8221;on|phone&#8221; global_colors_info=&#8221;{}&#8221;][et_pb_column type=&#8221;1_2&#8243; module_class=&#8221;agnf-project&#8221; _builder_version=&#8221;4.24.0&#8243; _module_preset=&#8221;default&#8221; background_enable_image=&#8221;off&#8221; global_colors_info=&#8221;{}&#8221;][et_pb_image src=&#8221;https:\/\/agnf.de\/wp-content\/uploads\/2024\/12\/unrc-erc-athen.png&#8221; title_text=&#8221;unrc-erc-athen&#8221; _builder_version=&#8221;4.27.3&#8243; _module_preset=&#8221;default&#8221; global_colors_info=&#8221;{}&#8221;][\/et_pb_image][et_pb_text admin_label=&#8221;Gr\u00fcndung des UNRC&#8221; _builder_version=&#8221;4.27.3&#8243; _module_preset=&#8221;default&#8221; link_option_url=&#8221;https:\/\/agnf.de\/en\/agnf-worldwide\/care-for-critically-ill-children-in-uganda-2\/&#8221; global_colors_info=&#8221;{}&#8221;]<\/p>\n<p><em>Foundation of the UNRC<\/em><\/p>\n<p>[\/et_pb_text][\/et_pb_column][et_pb_column type=&#8221;1_2&#8243; module_class=&#8221;agnf-project&#8221; _builder_version=&#8221;4.24.0&#8243; _module_preset=&#8221;default&#8221; background_enable_image=&#8221;off&#8221; global_colors_info=&#8221;{}&#8221;][et_pb_image src=&#8221;https:\/\/agnf.de\/wp-content\/uploads\/2026\/02\/agnf-weltweit-esi-ukraine.png&#8221; title_text=&#8221;agnf-worldwide-esi-ukraine&#8221; _builder_version=&#8221;4.27.5&#8243; _module_preset=&#8221;default&#8221; global_colors_info=&#8221;{}&#8221;][\/et_pb_image][et_pb_text admin_label=&#8221;ERC Kurse in Albanien&#8221; _builder_version=&#8221;4.27.5&#8243; _module_preset=&#8221;default&#8221; link_option_url=&#8221;https:\/\/agnf.de\/en\/agnf-worldwide\/expansion-of-emergency-medicine-in-ukraine-2\/&#8221; global_colors_info=&#8221;{}&#8221;]<\/p>\n<p><em>National ESI triage system for Ukraine<\/em><\/p>\n<p>[\/et_pb_text][\/et_pb_column][\/et_pb_row][\/et_pb_section][et_pb_section fb_built=&#8221;1&#8243; fullwidth=&#8221;on&#8221; module_class=&#8221;agnf-projects-map&#8221; _builder_version=&#8221;4.24.2&#8243; _module_preset=&#8221;default&#8221; scroll_vertical_motion_enable=&#8221;on&#8221; scroll_vertical_motion=&#8221;0|50|50|100|4|-2|0&#8243; global_colors_info=&#8221;{}&#8221;][et_pb_fullwidth_image src=&#8221;https:\/\/agnf.de\/wp-content\/uploads\/2024\/02\/agnf_procjets_map-scaled.jpg&#8221; title_text=&#8221;agnf_procjets_map&#8221; admin_label=&#8221;Map&#8221; _builder_version=&#8221;4.24.0&#8243; _module_preset=&#8221;default&#8221; global_colors_info=&#8221;{}&#8221;][\/et_pb_fullwidth_image][\/et_pb_section][et_pb_section fb_built=&#8221;1&#8243; module_class=&#8221;closed-projects-wrap&#8221; _builder_version=&#8221;4.24.0&#8243; _module_preset=&#8221;default&#8221; global_colors_info=&#8221;{}&#8221;][et_pb_row _builder_version=&#8221;4.24.0&#8243; _module_preset=&#8221;default&#8221; global_colors_info=&#8221;{}&#8221;][et_pb_column type=&#8221;4_4&#8243; _builder_version=&#8221;4.24.0&#8243; _module_preset=&#8221;default&#8221; global_colors_info=&#8221;{}&#8221;][et_pb_text admin_label=&#8221;Abgeschlossene Projekte&#8221; _builder_version=&#8221;4.27.5&#8243; _module_preset=&#8221;default&#8221; text_font=&#8221;|700|||||||&#8221; text_font_size=&#8221;16px&#8221; global_colors_info=&#8221;{}&#8221;]<\/p>\n<h2 style=\"text-align: center;\">Completed projects<\/h2>\n<ul>\n<li style=\"text-align: center;\"><a href=\"https:\/\/agnf.de\/en\/agnf-worldwide\/expansion-of-emergency-medicine-in-ukraine\/\">Expansion of emergency medicine in Ukraine<\/a><\/li>\n<li style=\"text-align: center;\"><a href=\"https:\/\/agnf.de\/en\/agnf-worldwide\/foundation-of-the-uganda-national-resuscitation-committee-unrc\/\">ERC courses in Albania<\/a><\/li>\n<li style=\"text-align: center;\"><a href=\"https:\/\/agnf.de\/en\/agnf-worldwide\/aid-deliveries-to-ukraine\/\">Aid deliveries to Ukraine<\/a><\/li>\n<li style=\"text-align: center;\"><a href=\"https:\/\/agnf.de\/en\/agnf-worldwide\/care-for-critically-ill-children-in-uganda\/\">Care for critically ill children in Uganda<\/a><\/li>\n<li style=\"text-align: center;\"><a href=\"https:\/\/agnf.de\/en\/agnf-worldwide\/improving-care-for-the-injured-in-uganda\/\">Improving care for the injured in Uganda<\/a><\/li>\n<li style=\"text-align: center;\"><a href=\"https:\/\/agnf.de\/en\/agnf-worldwide\/erc-advanced-life-support-courses-in-uganda\/\">ERC Advanced Life Support courses in Uganda<\/a><\/li>\n<li style=\"text-align: center;\"><a href=\"https:\/\/agnf.de\/en\/agnf-worldwide\/containment-of-covid-19-in-uganda\/\">Containment of Covid-19 in Uganda<\/a><\/li>\n<li style=\"text-align: center;\"><a href=\"https:\/\/agnf.de\/en\/agnf-worldwide\/improving-emergency-care-at-villa-maria-hospital\/\">Improving emergency care at Villa Maria Hospital<\/a><\/li>\n<li style=\"text-align: center;\"><a href=\"https:\/\/agnf.de\/en\/agnf-worldwide\/rescue-service-training-in-uganda\/\">Rescue service training in Uganda<\/a><\/li>\n<li style=\"text-align: center;\"><a href=\"https:\/\/agnf.de\/en\/agnf-worldwide\/rescue-service-training-in-albania\/\">Rescue service training in Albania<\/a><\/li>\n<\/ul>\n<p>[\/et_pb_text][\/et_pb_column][\/et_pb_row][\/et_pb_section][et_pb_section fb_built=&#8221;1&#8243; module_class=&#8221;agnf-support-wrap&#8221; _builder_version=&#8221;4.24.0&#8243; _module_preset=&#8221;default&#8221; background_color=&#8221;#e9f0ee&#8221; custom_padding=&#8221;100px||100px||false|false&#8221; global_colors_info=&#8221;{}&#8221;][et_pb_row _builder_version=&#8221;4.24.0&#8243; _module_preset=&#8221;default&#8221; custom_padding=&#8221;100px||||false|false&#8221; global_colors_info=&#8221;{}&#8221;][et_pb_column type=&#8221;4_4&#8243; _builder_version=&#8221;4.24.0&#8243; _module_preset=&#8221;default&#8221; global_colors_info=&#8221;{}&#8221;][et_pb_text _builder_version=&#8221;4.24.0&#8243; _module_preset=&#8221;default&#8221; text_text_color=&#8221;#21604c&#8221; text_font_size=&#8221;16px&#8221; max_width=&#8221;696px&#8221; module_alignment=&#8221;center&#8221; global_colors_info=&#8221;{}&#8221;]<\/p>\n<h2 style=\"text-align: center;\">Support the AGNF now!<\/h2>\n<p style=\"text-align: center;\">AGNF&#8217;s international projects are financed from its own funds, donations and grants from the German Federal Ministry for Economic Cooperation and Development (BMZ). With your donation, you can help us to set up even more international projects.<\/p>\n<p>[\/et_pb_text][et_pb_tabs _builder_version=&#8221;4.25.2&#8243; _module_preset=&#8221;default&#8221; custom_margin=&#8221;100px||||false|false&#8221; global_colors_info=&#8221;{}&#8221;][et_pb_tab title=&#8221;Cooperations&#8221; _builder_version=&#8221;4.25.2&#8243; _module_preset=&#8221;default&#8221; global_colors_info=&#8221;{}&#8221;]<\/p>\n<div class=\"et_pb_row et_pb_row_7\">\n<div class=\"et_pb_column et_pb_column_2_3 et_pb_column_10 et_pb_css_mix_blend_mode_passthrough\">\n<div class=\"et_pb_module et_pb_text et_pb_text_9 et_pb_text_align_left et_pb_bg_layout_light\">\n<div class=\"et_pb_text_inner tabtext\">\n<p>Do you have suggestions, resources or ideas for possible collaborations? Please feel free to contact our project manager Laura Beutler, who is responsible for our international initiatives.<\/p>\n<\/div>\n<\/div>\n<div class=\"et_pb_module et_pb_text et_pb_text_10 et_pb_text_align_left et_pb_bg_layout_light\">\n<div class=\"et_pb_text_inner\">\n<h4>Your contact person:<\/h4>\n<p>Laura Beutler<\/p>\n<\/div>\n<\/div>\n<div class=\"et_pb_module et_pb_code et_pb_code_1\">\n<div class=\"et_pb_code_inner\"><a class=\"agnf_primary\" href=\"mailto:beutler.laura@agnf.de\">Contact us now<\/a><\/div>\n<\/div>\n<\/div>\n<div class=\"et_pb_column et_pb_column_1_3 et_pb_column_11 et_pb_css_mix_blend_mode_passthrough et-last-child\">\n<div class=\"et_pb_module et_pb_image et_pb_image_5\">\n<p><span class=\"et_pb_image_wrap \"><img loading=\"lazy\" decoding=\"async\" width=\"730\" height=\"720\" src=\"https:\/\/agnf.de\/wp-content\/uploads\/2024\/04\/agnf-laura-beutler-entwicklungszusammenarbeit-weltweit.jpg\" alt=\"\" title=\"Laura Beutler Contact person for development cooperation AGNF worldwide\" srcset=\"https:\/\/agnf.de\/wp-content\/uploads\/2024\/04\/agnf-laura-beutler-entwicklungszusammenarbeit-weltweit.jpg 480w\" sizes=\"(min-width: 0px) and (max-width: 480px) 480px, (min-width: 481px) 730px, 100vw\" class=\"wp-image-768\"><\/span><\/p>\n<\/div>\n<\/div>\n<\/div>\n<p>[\/et_pb_tab][et_pb_tab title=&#8221;Donations&#8221; _builder_version=&#8221;4.24.2&#8243; _module_preset=&#8221;default&#8221; global_colors_info=&#8221;{}&#8221;]<\/p>\n<div class=\"et_pb_row et_pb_row_8\">\n<div class=\"et_pb_column et_pb_column_1_2 et_pb_column_10 et_pb_css_mix_blend_mode_passthrough\">\n<div class=\"et_pb_module et_pb_text et_pb_text_9 agnf_p_16 et_pb_text_align_left et_pb_bg_layout_light\">\n<div class=\"et_pb_text_inner tabtext\">No matter how much you donate, it will make a difference and open up new opportunities for our local helpers to support people in emergency situations and improve local skills.<\/div>\n<\/div>\n<\/div>\n<div class=\"et_pb_column et_pb_column_1_2 et_pb_column_11 et_pb_css_mix_blend_mode_passthrough et-last-child\">\n<div class=\"et_pb_module et_pb_code et_pb_code_1\">\n<div class=\"et_pb_code_inner\">\n<div class=\"agnf_red_top_left\"><\/div>\n<\/div>\n<\/div>\n<div class=\"et_pb_module et_pb_text et_pb_text_10 agnf_p_16 et_pb_text_align_left et_pb_bg_layout_light tab-right-text\">\n<div class=\"et_pb_text_inner\">\n<p><strong>Donation account:<\/strong><br \/>\nArbeitsgemeinschaft Notfallmedizin F\u00fcrth<br \/>\nVolks- und Raiffeisenbank<br \/>\nBIC: GENODEF1NEA<br \/>\nIBAN: DE66 7606 9559 0003 2784 84<br \/>\nPurpose: &#8220;International<a class=\"agnf_third\" href=\"https:\/\/www.paypal.com\/donate\/?hosted_button_id=Y6VQES5UZFFUL\" target=\"_blank\" rel=\"noopener\">&#8220;<\/a><\/p>\n<p>Donate directly via Paypal<\/p>\n<\/div>\n<\/div>\n<\/div>\n<\/div>\n<p>[\/et_pb_tab][\/et_pb_tabs][\/et_pb_column][\/et_pb_row][\/et_pb_section][et_pb_section fb_built=&#8221;1&#8243; disabled_on=&#8221;off|off|off&#8221; _builder_version=&#8221;4.24.0&#8243; _module_preset=&#8221;default&#8221; global_colors_info=&#8221;{}&#8221;][et_pb_row column_structure=&#8221;2_3,1_3&#8243; disabled_on=&#8221;on|on|on&#8221; _builder_version=&#8221;4.24.0&#8243; _module_preset=&#8221;default&#8221; disabled=&#8221;on&#8221; global_colors_info=&#8221;{}&#8221;][et_pb_column type=&#8221;2_3&#8243; _builder_version=&#8221;4.24.0&#8243; _module_preset=&#8221;default&#8221; global_colors_info=&#8221;{}&#8221;][et_pb_text admin_label=&#8221;Sie haben Anregungen, Ressourcen oder Ideen f\u00fcr m\u00f6gliche Kooperationen? Wenden Sie sich jederzeit gerne an unsere Projektverantwortliche Laura Beutler, bei der die F\u00e4den unserer internationalen Initiativen zusammenlaufen.&#8221; _builder_version=&#8221;4.24.0&#8243; _module_preset=&#8221;default&#8221; text_font_size=&#8221;16px&#8221; global_colors_info=&#8221;{}&#8221;]<\/p>\n<p>Do you have suggestions, resources or ideas for possible collaborations? Please feel free to contact our project manager Laura Beutler, who is responsible for our international initiatives.<\/p>\n<p>[\/et_pb_text][et_pb_text _builder_version=&#8221;4.24.0&#8243; _module_preset=&#8221;default&#8221; global_colors_info=&#8221;{}&#8221;]<\/p>\n<h4>Your contact person:<\/h4>\n<p>Laura Beutler<\/p>\n<p>[\/et_pb_text][et_pb_code admin_label=&#8221;Contact us now&#8221; _builder_version=&#8221;4.24.0&#8243; _module_preset=&#8221;default&#8221; global_colors_info=&#8221;{}&#8221;]<a class=\"agnf_primary\" href=\"#\">Contact us now<\/a>[\/et_pb_code][\/et_pb_column][et_pb_column type=&#8221;1_3&#8243; _builder_version=&#8221;4.24.0&#8243; _module_preset=&#8221;default&#8221; global_colors_info=&#8221;{}&#8221;][et_pb_image src=&#8221;https:\/\/agnf.de\/wp-content\/uploads\/2024\/04\/agnf-laura-beutler-entwicklungszusammenarbeit-weltweit.jpg&#8221; title_text=&#8221;agnf-laura-beutler-development-cooperation-worldwide&#8221; _builder_version=&#8221;4.24.2&#8243; _module_preset=&#8221;default&#8221; global_colors_info=&#8221;{}&#8221;][\/et_pb_image][\/et_pb_column][\/et_pb_row][\/et_pb_section]<\/p>\n","protected":false},"excerpt":{"rendered":"<p>AGNF worldwide &#8211; with help on the ground As an established educational institution for rescue service personnel, our association has the expertise to advise regions with potential in the field of acute patient care and to support the development and optimization of local rescue services. We have therefore been involved in development cooperation since 2012. [&hellip;]<\/p>\n","protected":false},"author":2,"featured_media":0,"parent":0,"menu_order":0,"comment_status":"closed","ping_status":"closed","template":"","meta":{"_acf_changed":false,"_et_pb_use_builder":"on","_et_pb_old_content":"","_et_gb_content_width":"","footnotes":""},"class_list":["post-2229","page","type-page","status-publish","hentry"],"acf":[],"_links":{"self":[{"href":"https:\/\/agnf.de\/en\/wp-json\/wp\/v2\/pages\/2229","targetHints":{"allow":["GET"]}}],"collection":[{"href":"https:\/\/agnf.de\/en\/wp-json\/wp\/v2\/pages"}],"about":[{"href":"https:\/\/agnf.de\/en\/wp-json\/wp\/v2\/types\/page"}],"author":[{"embeddable":true,"href":"https:\/\/agnf.de\/en\/wp-json\/wp\/v2\/users\/2"}],"replies":[{"embeddable":true,"href":"https:\/\/agnf.de\/en\/wp-json\/wp\/v2\/comments?post=2229"}],"version-history":[{"count":10,"href":"https:\/\/agnf.de\/en\/wp-json\/wp\/v2\/pages\/2229\/revisions"}],"predecessor-version":[{"id":4727,"href":"https:\/\/agnf.de\/en\/wp-json\/wp\/v2\/pages\/2229\/revisions\/4727"}],"wp:attachment":[{"href":"https:\/\/agnf.de\/en\/wp-json\/wp\/v2\/media?parent=2229"}],"curies":[{"name":"wp","href":"https:\/\/api.w.org\/{rel}","templated":true}]}}