{"id":4090,"date":"2025-04-08T13:21:27","date_gmt":"2025-04-08T11:21:27","guid":{"rendered":"https:\/\/agnf.de\/?page_id=4090"},"modified":"2025-04-08T13:21:31","modified_gmt":"2025-04-08T11:21:31","slug":"foundation-of-the-uganda-national-resuscitation-committee-unrc","status":"publish","type":"page","link":"https:\/\/agnf.de\/en\/agnf-worldwide\/foundation-of-the-uganda-national-resuscitation-committee-unrc\/","title":{"rendered":"Foundation of the Uganda National Resuscitation Committee (UNRC)"},"content":{"rendered":"<p>[et_pb_section fb_built=&#8221;1&#8243; admin_label=&#8221;Hero&#8221; _builder_version=&#8221;4.24.0&#8243; _module_preset=&#8221;default&#8221; background_color=&#8221;#e9f0ee&#8221; global_colors_info=&#8221;{}&#8221;][et_pb_row column_structure=&#8221;3_5,2_5&#8243; make_equal=&#8221;on&#8221; module_class=&#8221;agnf-top-half-teaser&#8221; _builder_version=&#8221;4.27.4&#8243; _module_preset=&#8221;default&#8221; width=&#8221;100%&#8221; max_width=&#8221;2560px&#8221; global_colors_info=&#8221;{}&#8221;][et_pb_column type=&#8221;3_5&#8243; module_class=&#8221;left-col&#8221; _builder_version=&#8221;4.24.0&#8243; _module_preset=&#8221;default&#8221; global_colors_info=&#8221;{}&#8221;][et_pb_code _builder_version=&#8221;4.24.0&#8243; _module_preset=&#8221;default&#8221; global_colors_info=&#8221;{}&#8221;]<\/p>\n<div class=\"agnf-history-back\"><!-- [et_pb_line_break_holder] -->  <a href=\"https:\/\/agnf.de\/en\/agnf-worldwide\/\">Back<\/a><!-- [et_pb_line_break_holder] --><\/div>\n<p>[\/et_pb_code][et_pb_text admin_label=&#8221;ERC Kurse in Albanien&#8221; _builder_version=&#8221;4.27.4&#8243; _module_preset=&#8221;default&#8221; text_font_size=&#8221;16px&#8221; text_line_height=&#8221;1.9em&#8221; global_colors_info=&#8221;{}&#8221;]<\/p>\n<h1>ERC Kurse in Albanien<\/h1>\n<p>In Zusammenarbeit mit unserem Partner Swiss Foundation for Innovation (SFI) und von der Gesellschaft f\u00fcr internationale Zusammenarbeit (GIZ) im Programm Klinikpartnerschaften gef\u00f6rdert, hat die AGNF in einer ersten Kursphase in Albanien ERC Kurse durchgef\u00fchrt.<\/p>\n<p>W\u00e4hrend der zweiw\u00f6chigen Kursphase kam ein internationales Instruktoren-Team aus Rum\u00e4nien, Tunesien und Deutschland zum Einsatz. In der ersten Woche wurden albanische \u00c4rzte, Rettungsdienstpersonal und Pflegekr\u00e4fte in ERC Advanced Life Support (ALS) Kursen geschult. Au\u00dferdem fand ein Generic Instructor Course (GIC) statt, in dem erfahrene Instruktoren weitergebildet wurden, damit sie eigenst\u00e4ndig Kurse leiten, neue Instruktoren ausbilden und die Qualit\u00e4t der Ausbildung optimieren k\u00f6nnen. In der zweiten Kurswoche konnten diese bereits erste eigene Basic Life Support (BLS) und Immediate Life Support (ILS) Kurse durchf\u00fchren.<\/p>\n<p>Insgesamt konnten sie knapp 60 ALS Provider und 4 lokale ALS Instruktoren ausgebildet werden.<br \/>\nUnser albanischer Partner, der in unmittelbarer N\u00e4he der Hauptstadt Tirana sitzt, bietet dazu sehr gute Bedingungen und Trainingsmaterial.[\/et_pb_text][\/et_pb_column][et_pb_column type=&#8221;2_5&#8243; module_class=&#8221;right-col&#8221; _builder_version=&#8221;4.27.4&#8243; _module_preset=&#8221;default&#8221; background_image=&#8221;https:\/\/agnf.de\/wp-content\/uploads\/2025\/02\/agnf-erc-kurse-albanien.svg&#8221; global_colors_info=&#8221;{}&#8221;][\/et_pb_column][\/et_pb_row][\/et_pb_section][et_pb_section fb_built=&#8221;1&#8243; _builder_version=&#8221;4.24.0&#8243; _module_preset=&#8221;default&#8221; custom_margin=&#8221;60px||60px||false|false&#8221; global_colors_info=&#8221;{}&#8221;][et_pb_row column_structure=&#8221;1_3,1_3,1_3&#8243; _builder_version=&#8221;4.24.0&#8243; _module_preset=&#8221;default&#8221; global_colors_info=&#8221;{}&#8221;][et_pb_column type=&#8221;1_3&#8243; _builder_version=&#8221;4.24.0&#8243; _module_preset=&#8221;default&#8221; global_colors_info=&#8221;{}&#8221;][et_pb_image src=&#8221;https:\/\/agnf.de\/wp-content\/uploads\/2024\/02\/agnf_icon_rocket.svg&#8221; title_text=&#8221;agnf_icon_rocket&#8221; align=&#8221;center&#8221; _builder_version=&#8221;4.24.0&#8243; _module_preset=&#8221;default&#8221; global_colors_info=&#8221;{}&#8221;][\/et_pb_image][et_pb_text _builder_version=&#8221;4.27.4&#8243; _module_preset=&#8221;default&#8221; text_text_color=&#8221;#59615e&#8221; text_font_size=&#8221;16px&#8221; global_colors_info=&#8221;{}&#8221;]<\/p>\n<p style=\"text-align: center;\"><strong>Start<\/strong><br \/>\nFebruar 2025[\/et_pb_text][\/et_pb_column][et_pb_column type=&#8221;1_3&#8243; _builder_version=&#8221;4.24.0&#8243; _module_preset=&#8221;default&#8221; global_colors_info=&#8221;{}&#8221;][et_pb_image src=&#8221;https:\/\/agnf.de\/wp-content\/uploads\/2024\/02\/agnf_icon_clock.svg&#8221; title_text=&#8221;agnf_icon_clock&#8221; align=&#8221;center&#8221; _builder_version=&#8221;4.24.0&#8243; _module_preset=&#8221;default&#8221; global_colors_info=&#8221;{}&#8221;][\/et_pb_image][et_pb_text _builder_version=&#8221;4.27.4&#8243; _module_preset=&#8221;default&#8221; text_text_color=&#8221;#59615e&#8221; text_font_size=&#8221;16px&#8221; global_colors_info=&#8221;{}&#8221;]<\/p>\n<p style=\"text-align: center;\"><strong>Duration<br \/><\/strong>until further notice  <\/p>\n<p>[\/et_pb_text][\/et_pb_column][et_pb_column type=&#8221;1_3&#8243; _builder_version=&#8221;4.24.0&#8243; _module_preset=&#8221;default&#8221; global_colors_info=&#8221;{}&#8221;][et_pb_image src=&#8221;https:\/\/agnf.de\/wp-content\/uploads\/2024\/02\/agnf_icons_marker.svg&#8221; title_text=&#8221;agnf_icons_marker&#8221; align=&#8221;center&#8221; _builder_version=&#8221;4.24.0&#8243; _module_preset=&#8221;default&#8221; global_colors_info=&#8221;{}&#8221;][\/et_pb_image][et_pb_text _builder_version=&#8221;4.27.4&#8243; _module_preset=&#8221;default&#8221; text_text_color=&#8221;#59615e&#8221; text_font_size=&#8221;16px&#8221; global_colors_info=&#8221;{}&#8221;]<\/p>\n<p style=\"text-align: center;\"><strong>Ort<br \/><\/strong>Albanien<\/p>\n<p>[\/et_pb_text][\/et_pb_column][\/et_pb_row][\/et_pb_section][et_pb_section fb_built=&#8221;1&#8243; admin_label=&#8221;Hero&#8221; module_class=&#8221;agnf-activities-wrap&#8221; _builder_version=&#8221;4.24.0&#8243; _module_preset=&#8221;default&#8221; background_color=&#8221;#e9f0ee&#8221; custom_margin=&#8221;||||false|false&#8221; custom_margin_tablet=&#8221;0px||0px||false|false&#8221; custom_margin_phone=&#8221;||||false|false&#8221; custom_margin_last_edited=&#8221;on|tablet&#8221; custom_padding=&#8221;0px||0px||false|false&#8221; global_colors_info=&#8221;{}&#8221;][et_pb_row column_structure=&#8221;1_2,1_2&#8243; _builder_version=&#8221;4.24.0&#8243; _module_preset=&#8221;default&#8221; custom_margin=&#8221;60px||60px||false|false&#8221; global_colors_info=&#8221;{}&#8221;][et_pb_column type=&#8221;1_2&#8243; _builder_version=&#8221;4.24.0&#8243; _module_preset=&#8221;default&#8221; global_colors_info=&#8221;{}&#8221;][et_pb_text admin_label=&#8221;Ziel&#8221; _builder_version=&#8221;4.27.4&#8243; _module_preset=&#8221;default&#8221; global_colors_info=&#8221;{}&#8221;]<\/p>\n<h2>Ziel<\/h2>\n<p>Ziel ist es, im Laufe des Jahres weitere ALS und GIC Kurse anzubieten, um einen Kursdirektor und weitere Instruktoren vor Ort ausbilden zu k\u00f6nnen. Sie sollen eigenst\u00e4ndig Kurse leiten, neue Instruktoren ausbilden und die Qualit\u00e4t der Ausbildung optimieren.<\/p>\n<p>[\/et_pb_text][\/et_pb_column][et_pb_column type=&#8221;1_2&#8243; _builder_version=&#8221;4.24.0&#8243; _module_preset=&#8221;default&#8221; global_colors_info=&#8221;{}&#8221;][et_pb_text admin_label=&#8221;Aktivit\u00e4ten&#8221; _builder_version=&#8221;4.27.4&#8243; _module_preset=&#8221;default&#8221; global_colors_info=&#8221;{}&#8221;]<\/p>\n<h2>Aktivit\u00e4ten<\/h2>\n<ul>\n<li><strong>Februar 2025:<\/strong> Durchf\u00fchrung erster BLS, ILS und ALS Kurse<\/li>\n<li><strong>Februar 2025:<\/strong> Bei einem ersten GIC Kurs wurden erfahrene Instruktoren weitergebildet<\/li>\n<\/ul>\n<p>[\/et_pb_text][\/et_pb_column][\/et_pb_row][\/et_pb_section][et_pb_section fb_built=&#8221;1&#8243; module_class=&#8221;agnf-partner-wrap&#8221; _builder_version=&#8221;4.24.0&#8243; _module_preset=&#8221;default&#8221; custom_padding=&#8221;100px||60px||false|false&#8221; global_colors_info=&#8221;{}&#8221;][et_pb_row disabled_on=&#8221;off|off|off&#8221; _builder_version=&#8221;4.24.0&#8243; _module_preset=&#8221;default&#8221; custom_margin=&#8221;0px||60px||false|false&#8221; custom_padding=&#8221;0px||||false|false&#8221; global_colors_info=&#8221;{}&#8221;][et_pb_column type=&#8221;4_4&#8243; _builder_version=&#8221;4.24.0&#8243; _module_preset=&#8221;default&#8221; global_colors_info=&#8221;{}&#8221;][et_pb_text admin_label=&#8221;Partner&#8221; _builder_version=&#8221;4.27.4&#8243; _module_preset=&#8221;default&#8221; text_orientation=&#8221;center&#8221; max_width=&#8221;925px&#8221; global_colors_info=&#8221;{}&#8221;]<\/p>\n<h2 style=\"text-align: center;\">Partner<\/h2>\n<p>[\/et_pb_text][\/et_pb_column][\/et_pb_row][et_pb_row column_structure=&#8221;1_2,1_2&#8243; _builder_version=&#8221;4.24.0&#8243; _module_preset=&#8221;default&#8221; max_width=&#8221;500px&#8221; custom_padding=&#8221;||0px||false|false&#8221; global_colors_info=&#8221;{}&#8221;][et_pb_column type=&#8221;1_2&#8243; _builder_version=&#8221;4.24.0&#8243; _module_preset=&#8221;default&#8221; global_colors_info=&#8221;{}&#8221;][et_pb_image src=&#8221;https:\/\/agnf.de\/wp-content\/uploads\/2024\/02\/erc_logo-2.svg&#8221; title_text=&#8221;sfi_swiss_foundation-for-innovation&#8221; align=&#8221;center&#8221; _builder_version=&#8221;4.27.4&#8243; _module_preset=&#8221;default&#8221; global_colors_info=&#8221;{}&#8221;][\/et_pb_image][\/et_pb_column][et_pb_column type=&#8221;1_2&#8243; _builder_version=&#8221;4.24.0&#8243; _module_preset=&#8221;default&#8221; global_colors_info=&#8221;{}&#8221;][et_pb_image src=&#8221;https:\/\/agnf.de\/wp-content\/uploads\/2024\/02\/erc_logo-1erc-logo.png&#8221; title_text=&#8221;erc_logo 1erc-logo&#8221; align=&#8221;center&#8221; _builder_version=&#8221;4.24.0&#8243; _module_preset=&#8221;default&#8221; max_width=&#8221;250px&#8221; global_colors_info=&#8221;{}&#8221;][\/et_pb_image][\/et_pb_column][\/et_pb_row][\/et_pb_section][et_pb_section fb_built=&#8221;1&#8243; module_class=&#8221;agnf-support-us-green&#8221; _builder_version=&#8221;4.24.0&#8243; _module_preset=&#8221;default&#8221; background_enable_color=&#8221;off&#8221; global_colors_info=&#8221;{}&#8221;][et_pb_row column_structure=&#8221;1_2,1_2&#8243; _builder_version=&#8221;4.24.0&#8243; _module_preset=&#8221;default&#8221; module_alignment=&#8221;center&#8221; custom_padding=&#8221;43px||112px||false|false&#8221; global_colors_info=&#8221;{}&#8221;][et_pb_column type=&#8221;1_2&#8243; _builder_version=&#8221;4.24.0&#8243; _module_preset=&#8221;default&#8221; global_colors_info=&#8221;{}&#8221;][et_pb_text module_class=&#8221;agnf_p_16&#8243; _builder_version=&#8221;4.24.2&#8243; _module_preset=&#8221;default&#8221; global_colors_info=&#8221;{}&#8221;]<\/p>\n<h3>M\u00f6chten Sie uns unterst\u00fctzen?<\/h3>\n<p>Unsere Projekte werden durch F\u00f6rderungen, Eigenmittel unseres Vereins und Spenden finanziert. Helfen Sie uns, die notfallmedizinische Versorgung in unseren Partnerl\u00e4ndern zu verbessern. Jeder Beitrag ist hilfreich und flie\u00dft direkt in unsere Auslandsprojekte.<\/p>\n<p><a class=\"agnf_third\" href=\"https:\/\/www.paypal.com\/donate\/?hosted_button_id=Y6VQES5UZFFUL\" target=\"_blank\" rel=\"noopener\">Direkt per Paypal spenden<\/a><\/p>\n<p>[\/et_pb_text][\/et_pb_column][et_pb_column type=&#8221;1_2&#8243; _builder_version=&#8221;4.24.0&#8243; _module_preset=&#8221;default&#8221; global_colors_info=&#8221;{}&#8221;][et_pb_code admin_label=&#8221;  agnf_red_top_left&#8221; _builder_version=&#8221;4.24.0&#8243; _module_preset=&#8221;default&#8221; global_colors_info=&#8221;{}&#8221;]<\/p>\n<div class=\"agnf_red_top_left\"><!-- [et_pb_line_break_holder] -->  <!-- [et_pb_line_break_holder] --><\/div>\n<p>[\/et_pb_code][et_pb_text module_class=&#8221;agnf_p_16&#8243; _builder_version=&#8221;4.24.0&#8243; _module_preset=&#8221;default&#8221; custom_padding=&#8221;12px|||35px|false|false&#8221; global_colors_info=&#8221;{}&#8221;]<\/p>\n<p><strong>Donation account:<\/strong><br \/>Arbeitsgemeinschaft Notfallmedizin F\u00fcrth<br \/>Volks- und Raiffeisenbank<br \/>BIC: GENODEF1NEA<br \/>IBAN: DE66 7606 9559 0003 2784 84<br \/>Purpose: &#8220;International&#8221;<\/p>\n<p>[\/et_pb_text][\/et_pb_column][\/et_pb_row][\/et_pb_section][et_pb_section fb_built=&#8221;1&#8243; disabled_on=&#8221;off|off|off&#8221; module_class=&#8221;agnf-partner-wrap&#8221; _builder_version=&#8221;4.24.0&#8243; _module_preset=&#8221;default&#8221; custom_padding=&#8221;100px||60px||false|false&#8221; global_colors_info=&#8221;{}&#8221;][et_pb_row _builder_version=&#8221;4.24.0&#8243; _module_preset=&#8221;default&#8221; custom_margin=&#8221;0px||60px||false|false&#8221; custom_padding=&#8221;0px||||false|false&#8221; global_colors_info=&#8221;{}&#8221;][et_pb_column type=&#8221;4_4&#8243; _builder_version=&#8221;4.24.0&#8243; _module_preset=&#8221;default&#8221; global_colors_info=&#8221;{}&#8221;][et_pb_text admin_label=&#8221;F\u00f6rderung&#8221; _builder_version=&#8221;4.24.0&#8243; _module_preset=&#8221;default&#8221; global_colors_info=&#8221;{}&#8221;]<\/p>\n<h2 style=\"text-align: center;\">F\u00f6rderung<\/h2>\n<p style=\"text-align: center;\">Unser Projekt wird von der <a href=\"https:\/\/klinikpartnerschaften.de\/\" target=\"_blank\" rel=\"noopener\">Initiative Klinikpartnerschaften \u2013 Partner st\u00e4rken Gesundheit<\/a> gef\u00f6rdert. Das F\u00f6rderprogramm wurde 2016 vom Bundesministerium f\u00fcr wirtschaftliche Zusammenarbeit und Entwicklung (BMZ) gemeinsam mit der <a href=\"https:\/\/www.giz.de\/de\/html\/index.html\" target=\"_blank\" rel=\"noopener\">Else Kr\u00f6ner-Fresenius-Stiftung<\/a> initiiert. Es unterst\u00fctzt Partnerschaften zwischen Gesundheitsorganisationen in Deutschland und medizinischen Einrichtungen in L\u00e4ndern mit niedrigem und mittlerem Einkommen. Die Initiative hat zum Ziel, in Entwicklungs- und Schwellenl\u00e4ndern die Gesundheitsdienstleistungen zu verbessern, indem sie eine Plattform schafft, auf der sich verschiedene Organisationen in partnerschaftlicher Zusammenarbeit austauschen k\u00f6nnen und vom gegenseitigen Wissenstransfer auf fachlicher Ebene profitieren.<\/p>\n<p>[\/et_pb_text][\/et_pb_column][\/et_pb_row][et_pb_row column_structure=&#8221;1_2,1_2&#8243; _builder_version=&#8221;4.24.0&#8243; _module_preset=&#8221;default&#8221; max_width=&#8221;500px&#8221; custom_padding=&#8221;||0px||false|false&#8221; global_colors_info=&#8221;{}&#8221;][et_pb_column type=&#8221;1_2&#8243; _builder_version=&#8221;4.24.0&#8243; _module_preset=&#8221;default&#8221; global_colors_info=&#8221;{}&#8221;][et_pb_image src=&#8221;https:\/\/agnf.de\/wp-content\/uploads\/2024\/02\/giz.svg&#8221; title_text=&#8221;giz&#8221; align=&#8221;center&#8221; _builder_version=&#8221;4.24.0&#8243; _module_preset=&#8221;default&#8221; global_colors_info=&#8221;{}&#8221;][\/et_pb_image][\/et_pb_column][et_pb_column type=&#8221;1_2&#8243; _builder_version=&#8221;4.24.0&#8243; _module_preset=&#8221;default&#8221; global_colors_info=&#8221;{}&#8221;][et_pb_image src=&#8221;https:\/\/agnf.de\/wp-content\/uploads\/2024\/02\/klinik_partnenschaften.svg&#8221; title_text=&#8221;clinic_partnerships&#8221; align=&#8221;center&#8221; _builder_version=&#8221;4.24.0&#8243; _module_preset=&#8221;default&#8221; max_width=&#8221;250px&#8221; global_colors_info=&#8221;{}&#8221;][\/et_pb_image][\/et_pb_column][\/et_pb_row][\/et_pb_section][et_pb_section fb_built=&#8221;1&#8243; _builder_version=&#8221;4.24.0&#8243; _module_preset=&#8221;default&#8221; background_color=&#8221;#e9f0ee&#8221; global_colors_info=&#8221;{}&#8221;][et_pb_row column_structure=&#8221;2_5,3_5&#8243; make_equal=&#8221;on&#8221; module_class=&#8221;agnf-contact-person-half&#8221; _builder_version=&#8221;4.24.0&#8243; _module_preset=&#8221;default&#8221; width=&#8221;100%&#8221; max_width=&#8221;2560px&#8221; global_colors_info=&#8221;{}&#8221;][et_pb_column type=&#8221;2_5&#8243; _builder_version=&#8221;4.24.0&#8243; _module_preset=&#8221;default&#8221; background_image=&#8221;https:\/\/agnf.de\/wp-content\/uploads\/2024\/02\/Rectangle-173.jpg&#8221; global_colors_info=&#8221;{}&#8221;][\/et_pb_column][et_pb_column type=&#8221;3_5&#8243; _builder_version=&#8221;4.24.0&#8243; _module_preset=&#8221;default&#8221; global_colors_info=&#8221;{}&#8221;][et_pb_text _builder_version=&#8221;4.25.2&#8243; _module_preset=&#8221;default&#8221; header_3_font_size=&#8221;36px&#8221; global_colors_info=&#8221;{}&#8221;]<\/p>\n<h3>Hier f\u00fcr Sie<\/h3>\n<p>Laura Beutler<\/p>\n<p><a class=\"agnf_primary\" href=\"mailto:beutler.laura@agnf.de\">Jetzt kontaktieren<\/a><\/p>\n<div class=\"agnf_red_top_left\"><\/div>\n<p>[\/et_pb_text][\/et_pb_column][\/et_pb_row][\/et_pb_section]<\/p>\n","protected":false},"excerpt":{"rendered":"<p>ERC Kurse in Albanien In Zusammenarbeit mit unserem Partner Swiss Foundation for Innovation (SFI) und von der Gesellschaft f\u00fcr internationale Zusammenarbeit (GIZ) im Programm Klinikpartnerschaften gef\u00f6rdert, hat die AGNF in einer ersten Kursphase in Albanien ERC Kurse durchgef\u00fchrt. W\u00e4hrend der zweiw\u00f6chigen Kursphase kam ein internationales Instruktoren-Team aus Rum\u00e4nien, Tunesien und Deutschland zum Einsatz. In der [&hellip;]<\/p>\n","protected":false},"author":4,"featured_media":0,"parent":2229,"menu_order":0,"comment_status":"closed","ping_status":"closed","template":"","meta":{"_acf_changed":false,"_et_pb_use_builder":"on","_et_pb_old_content":"","_et_gb_content_width":"","footnotes":""},"class_list":["post-4090","page","type-page","status-publish","hentry"],"acf":[],"_links":{"self":[{"href":"https:\/\/agnf.de\/en\/wp-json\/wp\/v2\/pages\/4090","targetHints":{"allow":["GET"]}}],"collection":[{"href":"https:\/\/agnf.de\/en\/wp-json\/wp\/v2\/pages"}],"about":[{"href":"https:\/\/agnf.de\/en\/wp-json\/wp\/v2\/types\/page"}],"author":[{"embeddable":true,"href":"https:\/\/agnf.de\/en\/wp-json\/wp\/v2\/users\/4"}],"replies":[{"embeddable":true,"href":"https:\/\/agnf.de\/en\/wp-json\/wp\/v2\/comments?post=4090"}],"version-history":[{"count":6,"href":"https:\/\/agnf.de\/en\/wp-json\/wp\/v2\/pages\/4090\/revisions"}],"predecessor-version":[{"id":4107,"href":"https:\/\/agnf.de\/en\/wp-json\/wp\/v2\/pages\/4090\/revisions\/4107"}],"up":[{"embeddable":true,"href":"https:\/\/agnf.de\/en\/wp-json\/wp\/v2\/pages\/2229"}],"wp:attachment":[{"href":"https:\/\/agnf.de\/en\/wp-json\/wp\/v2\/media?parent=4090"}],"curies":[{"name":"wp","href":"https:\/\/api.w.org\/{rel}","templated":true}]}}